{"id":3,"date":"2020-06-24T11:09:43","date_gmt":"2020-06-24T09:09:43","guid":{"rendered":"http:\/\/www.classguide.eu\/?page_id=3"},"modified":"2021-06-21T18:46:52","modified_gmt":"2021-06-21T16:46:52","slug":"pravila-privatnosti","status":"publish","type":"page","link":"https:\/\/www.classguide.eu\/de\/pravila-privatnosti\/","title":{"rendered":"Datenschutzerkl\u00e4rung und Nutzungsbedingungen"},"content":{"rendered":"<p><strong>DATENSCHUTZERKL\u00c4RUNG<\/strong><\/p>\n\n\n\n<p class=\" translation-block\">Die Adresse unserer Website lautet: http:\/\/www.classguide.eu (im Folgenden: die Website classguide.eu).<\/p>\n\n\n\n<p class=\" translation-block\">Dieses Dokument bestimmt die Weise der Erhebung und Verwendung personenbezogener Daten. Bitte lesen Sie diesen Text vollst\u00e4ndig, um zu verstehen, welche Informationen wir sammeln und wie wir sie verarbeiten. Bei weiteren Fragen zum Schutz personenbezogener Daten wenden Sie sich bitte an:<\/p>\n\n\n\n<p>E-mail: info@classguide.eu<\/p>\n\n\n\n<p>Telefonnummer: +385 (91) 592-9202<\/p>\n\n\n\n<p class=\" translation-block\">Durch den Zugriff auf die Website classguide.eu erkl\u00e4ren Sie sich mit den angegebenen Nutzungsbedingungen einverstanden.<\/p>\n\n\n\n<p class=\" translation-block\">Das Kontaktformular finden Sie auf der Website classguide.eu. Folgende personenbezogene Daten werden erhoben: Name der nat\u00fcrlichen Person oder Name der juristischen Person und E-Mail-Adresse. Wenn Sie uns \u00fcber das Kontaktformular oder per E-Mail kontaktieren, werden die angegebenen personenbezogenen Daten automatisch gespeichert und ausschlie\u00dflich zum Zwecke der weiteren Kommunikation zwischen der Website classguide.eu und Ihnen oder zur Beantwortung der Anfrage verwendet. Wir verwenden Ihre Daten nicht f\u00fcr andere Zwecke, ver\u00f6ffentlichen sie nicht und geben sie nicht an Dritte weiter. Die Daten, bzw. die Korrespondenz zwischen Ihnen und der Website classguide.eu, werden bis zu 6 Monate nach Beendigung des Kontakts im E-Mail-Postfach gespeichert. Sie k\u00f6nnen ihre L\u00f6schung jederzeit beantragen.<\/p>\n\n\n\n<p class=\" translation-block\">Die Website classguide.eu verf\u00fcgt \u00fcber ein SSL-Zertifikat, das zur Sicherheit der Kommunikation zwischen dem Server und dem Client verwendet wird.<\/p>\n\n\n\n<p class=\" translation-block\">Die Website classguide.eu beh\u00e4lt sich das Recht vor, diese Datenschutzerkl\u00e4rung zu \u00e4ndern. In diesem Fall wird es rechtzeitig aktualisiert bzw. ver\u00f6ffentlicht.<\/p>\n\n\n\n<p><strong>NUTZUNGSBEDINGUNGEN<\/strong><\/p>\n\n\n\n<p class=\" translation-block\">Alle Inhalte auf der Website classguide.eu (Text, Fotos, usw.) sind Eigentum derselben. Das Herunterladen, Ver\u00f6ffentlichen und \u00dcbertragen ist nur mit vorheriger schriftilicher Genehmigung des Eigent\u00fcmers und unter Angabe der Quelle (http:\/\/www.classguide.eu, Datum des Downloads) gestattet. Alles andere gilt als Urheberrechtsverletzung.<\/p>\n\n\n\n<p class=\" translation-block\">Durch den Zugriff auf die Website classguide.eu erkl\u00e4ren Sie sich mit den angegebenen Nutzungsbedingungen einverstanden.<\/p>\n\n\n\n<p class=\" translation-block\">Die Website classguide.eu beh\u00e4lt sich das Recht vor, diese Nutzungsbedingungen zu \u00e4ndern. In diesem Fall werden sie rechtzeitig aktualisiert bzw. ver\u00f6ffentlicht.<\/p>","protected":false},"excerpt":{"rendered":"<p>IZJAVA O PRIVATNOSTI Adresa na\u0161e internetske stranice je: http:\/\/www.classguide.eu (u nastavku: internetska stranica classguide.eu). Ovim dokumentom odre\u0111en je na\u010din prikupljanja i kori\u0161tenja osobnih podataka. Molimo Vas da pro\u010ditate ovaj tekst u cijelosti kako biste razumjeli koje informacije prikupljamo te na koji na\u010din ih obra\u0111ujemo. Za sva dodatna pitanja u vezi sa za\u0161titom osobnih podataka, kontaktirajte nas: &nbsp; e-mail: info@classguide.eu mobitel: +385 (91) 592-9202 Pristupom internetskoj [&hellip;]<\/p>","protected":false},"author":1,"featured_media":0,"parent":0,"menu_order":0,"comment_status":"closed","ping_status":"open","template":"","meta":[],"yoast_head":"<!-- This site is optimized with the Yoast SEO plugin v16.5 - https:\/\/yoast.com\/wordpress\/plugins\/seo\/ -->\n<title>Politika za\u0161tite privatnosti i uvjeti kori\u0161tenja - Dobro do&scaron;li na ClassGuide!<\/title>\n<meta name=\"robots\" content=\"index, follow, max-snippet:-1, max-image-preview:large, max-video-preview:-1\" \/>\n<link rel=\"canonical\" href=\"https:\/\/www.classguide.eu\/de\/pravila-privatnosti\/\" \/>\n<meta property=\"og:locale\" content=\"de_DE\" \/>\n<meta property=\"og:type\" content=\"article\" \/>\n<meta property=\"og:title\" content=\"Politika za\u0161tite privatnosti i uvjeti kori\u0161tenja - Dobro do&scaron;li na ClassGuide!\" \/>\n<meta property=\"og:description\" content=\"IZJAVA O PRIVATNOSTI Adresa na\u0161e internetske stranice je: http:\/\/www.classguide.eu (u nastavku: internetska stranica classguide.eu). Ovim dokumentom odre\u0111en je na\u010din prikupljanja i kori\u0161tenja osobnih podataka. Molimo Vas da pro\u010ditate ovaj tekst u cijelosti kako biste razumjeli koje informacije prikupljamo te na koji na\u010din ih obra\u0111ujemo. Za sva dodatna pitanja u vezi sa za\u0161titom osobnih podataka, kontaktirajte nas: &nbsp; e-mail: info@classguide.eu mobitel: +385 (91) 592-9202 Pristupom internetskoj [&hellip;]\" \/>\n<meta property=\"og:url\" content=\"https:\/\/www.classguide.eu\/de\/pravila-privatnosti\/\" \/>\n<meta property=\"og:site_name\" content=\"Dobro do&scaron;li na ClassGuide!\" \/>\n<meta property=\"article:publisher\" content=\"https:\/\/www.facebook.com\/ClassGuide-Croatia-101436298764071\" \/>\n<meta property=\"article:modified_time\" content=\"2021-06-21T16:46:52+00:00\" \/>\n<meta name=\"twitter:card\" content=\"summary_large_image\" \/>\n<meta name=\"twitter:label1\" content=\"Gesch\u00e4tzte Lesezeit\" \/>\n\t<meta name=\"twitter:data1\" content=\"2 Minuten\" \/>\n<script type=\"application\/ld+json\" class=\"yoast-schema-graph\">{\"@context\":\"https:\/\/schema.org\",\"@graph\":[{\"@type\":\"WebSite\",\"@id\":\"http:\/\/www.classguide.eu\/#website\",\"url\":\"http:\/\/www.classguide.eu\/\",\"name\":\"Dobro do&scaron;li na ClassGuide!\",\"description\":\"ClassGuide is the place where you can contact a licensed tour guide for the Croatian regions Istria and Kvarner. Make your vacation authentic and memorable!\",\"potentialAction\":[{\"@type\":\"SearchAction\",\"target\":\"http:\/\/www.classguide.eu\/?s={search_term_string}\",\"query-input\":\"required name=search_term_string\"}],\"inLanguage\":\"de-DE\"},{\"@type\":\"WebPage\",\"@id\":\"http:\/\/www.classguide.eu\/pravila-privatnosti\/#webpage\",\"url\":\"http:\/\/www.classguide.eu\/pravila-privatnosti\/\",\"name\":\"Politika za\\u0161tite privatnosti i uvjeti kori\\u0161tenja - Dobro do&scaron;li na ClassGuide!\",\"isPartOf\":{\"@id\":\"http:\/\/www.classguide.eu\/#website\"},\"datePublished\":\"2020-06-24T09:09:43+00:00\",\"dateModified\":\"2021-06-21T16:46:52+00:00\",\"breadcrumb\":{\"@id\":\"http:\/\/www.classguide.eu\/pravila-privatnosti\/#breadcrumb\"},\"inLanguage\":\"de-DE\",\"potentialAction\":[{\"@type\":\"ReadAction\",\"target\":[\"http:\/\/www.classguide.eu\/pravila-privatnosti\/\"]}]},{\"@type\":\"BreadcrumbList\",\"@id\":\"http:\/\/www.classguide.eu\/pravila-privatnosti\/#breadcrumb\",\"itemListElement\":[{\"@type\":\"ListItem\",\"position\":1,\"name\":\"Home\",\"item\":\"http:\/\/www.classguide.eu\/\"},{\"@type\":\"ListItem\",\"position\":2,\"name\":\"Politika za\\u0161tite privatnosti i uvjeti kori\\u0161tenja\"}]}]}<\/script>\n<!-- \/ Yoast SEO plugin. -->","_links":{"self":[{"href":"https:\/\/www.classguide.eu\/de\/wp-json\/wp\/v2\/pages\/3"}],"collection":[{"href":"https:\/\/www.classguide.eu\/de\/wp-json\/wp\/v2\/pages"}],"about":[{"href":"https:\/\/www.classguide.eu\/de\/wp-json\/wp\/v2\/types\/page"}],"author":[{"embeddable":true,"href":"https:\/\/www.classguide.eu\/de\/wp-json\/wp\/v2\/users\/1"}],"replies":[{"embeddable":true,"href":"https:\/\/www.classguide.eu\/de\/wp-json\/wp\/v2\/comments?post=3"}],"version-history":[{"count":4,"href":"https:\/\/www.classguide.eu\/de\/wp-json\/wp\/v2\/pages\/3\/revisions"}],"predecessor-version":[{"id":639,"href":"https:\/\/www.classguide.eu\/de\/wp-json\/wp\/v2\/pages\/3\/revisions\/639"}],"wp:attachment":[{"href":"https:\/\/www.classguide.eu\/de\/wp-json\/wp\/v2\/media?parent=3"}],"curies":[{"name":"wp","href":"https:\/\/api.w.org\/{rel}","templated":true}]}}